{"id":12745,"date":"2025-11-17T22:09:54","date_gmt":"2025-11-17T21:09:54","guid":{"rendered":"https:\/\/piebellashop.nl\/produkt\/rarity-lami-hold-step-2-2ml\/"},"modified":"2026-05-02T08:24:57","modified_gmt":"2026-05-02T06:24:57","slug":"rarity-lami-hold-step-2-2ml","status":"publish","type":"product","link":"https:\/\/piebellashop.nl\/nl\/product\/rarity-lami-hold-step-2-2ml\/","title":{"rendered":"Rarity Lami Hold &#8211; Step 2 \/ 2ml"},"content":{"rendered":"<p>Lami Hold Step 2 is een professioneel fixatieproduct dat de nieuwe vorm van wimpers en wenkbrauwen stabiliseert die in de eerste fase van de Koreaanse laminatieprocedure is verkregen, waarbij de delicate cr\u00e8meformule een nauwkeurige applicatie mogelijk maakt en de haarstructuur versterkt dankzij gehydrolyseerd collageen, tarweprote\u00efnen en panthenol; het product fixeert het liftingeffect, herstelt de elasticiteit, verhoogt de duurzaamheid van het haar en bereidt het voor op de volgende stappen van de behandeling, terwijl het dankzij zijn veelzijdigheid geschikt is voor zowel wimper- als wenkbrauwlaminatie, inclusief de lijmloze techniek met Lami Powder; de cr\u00e8me wordt volgens de procedure aangebracht \u2013 op wimpers op de liftende pads gedurende 6\u201310 minuten en op wenkbrauwen gedurende 5\u20138 minuten \u2013 waarna het product wordt verwijderd en de volgende stappen kunnen worden uitgevoerd; de lichte, technisch geurende cr\u00e8me heeft een inhoud van 2 ml in een sachet, voldoende voor 5\u20138 behandelingen, met een houdbaarheid van 3 maanden na opening; uitsluitend voor professioneel gebruik, het bevat waterstofperoxide en vereist het dragen van beschermende handschoenen en het vermijden van contact met de ogen en ge\u00efrriteerde huid, terwijl de formule is gebaseerd op ingredi\u00ebnten zoals water, stearylalcohol, waterstofperoxide, cetylalcohol, alo\u00eb vera, peptiden, gehydrolyseerd collageen en tarweprote\u00efnen.<img loading=\"lazy\" decoding=\"async\" class=\"alignnone size-medium wp-image-12743\" src=\"https:\/\/piebellashop.nl\/wp-content\/uploads\/2025\/11\/rarity-lami-hold-step-2-saszetka-2ml-300x300.webp\" alt=\"\" width=\"300\" height=\"300\" srcset=\"https:\/\/piebellashop.nl\/wp-content\/uploads\/2025\/11\/rarity-lami-hold-step-2-saszetka-2ml-300x300.webp 300w, https:\/\/piebellashop.nl\/wp-content\/uploads\/2025\/11\/rarity-lami-hold-step-2-saszetka-2ml-150x150.webp 150w, https:\/\/piebellashop.nl\/wp-content\/uploads\/2025\/11\/rarity-lami-hold-step-2-saszetka-2ml-768x768.webp 768w, https:\/\/piebellashop.nl\/wp-content\/uploads\/2025\/11\/rarity-lami-hold-step-2-saszetka-2ml-100x100.webp 100w, https:\/\/piebellashop.nl\/wp-content\/uploads\/2025\/11\/rarity-lami-hold-step-2-saszetka-2ml-40x40.webp 40w, https:\/\/piebellashop.nl\/wp-content\/uploads\/2025\/11\/rarity-lami-hold-step-2-saszetka-2ml-500x500.webp 500w, https:\/\/piebellashop.nl\/wp-content\/uploads\/2025\/11\/rarity-lami-hold-step-2-saszetka-2ml-600x600.webp 600w, https:\/\/piebellashop.nl\/wp-content\/uploads\/2025\/11\/rarity-lami-hold-step-2-saszetka-2ml.webp 800w\" sizes=\"auto, (max-width: 300px) 100vw, 300px\" \/><\/p>\n","protected":false},"excerpt":{"rendered":"<p>Lami Hold Step 2 is een professioneel fixatieproduct dat de nieuwe vorm van wimpers en wenkbrauwen stabiliseert die in de eerste fase van de Koreaanse laminatieprocedure is verkregen, waarbij de delicate cr\u00e8meformule een nauwkeurige applicatie mogelijk maakt en de haarstructuur versterkt dankzij gehydrolyseerd collageen, tarweprote\u00efnen en panthenol; het product fixeert het liftingeffect, herstelt de elasticiteit, [&hellip;]<\/p>\n","protected":false},"featured_media":12744,"comment_status":"open","ping_status":"closed","template":"","meta":[],"product_brand":[747],"product_cat":[615,441],"product_tag":[],"class_list":{"0":"post-12745","1":"product","2":"type-product","3":"status-publish","4":"has-post-thumbnail","6":"product_brand-rarity","7":"product_cat-koreaanse-laminatie","8":"product_cat-laminatie","10":"first","11":"instock","12":"taxable","13":"shipping-taxable","14":"purchasable","15":"product-type-simple","16":"add-to-wishlist-after_add_to_cart"},"_links":{"self":[{"href":"https:\/\/piebellashop.nl\/nl\/wp-json\/wp\/v2\/product\/12745","targetHints":{"allow":["GET"]}}],"collection":[{"href":"https:\/\/piebellashop.nl\/nl\/wp-json\/wp\/v2\/product"}],"about":[{"href":"https:\/\/piebellashop.nl\/nl\/wp-json\/wp\/v2\/types\/product"}],"replies":[{"embeddable":true,"href":"https:\/\/piebellashop.nl\/nl\/wp-json\/wp\/v2\/comments?post=12745"}],"wp:featuredmedia":[{"embeddable":true,"href":"https:\/\/piebellashop.nl\/nl\/wp-json\/wp\/v2\/media\/12744"}],"wp:attachment":[{"href":"https:\/\/piebellashop.nl\/nl\/wp-json\/wp\/v2\/media?parent=12745"}],"wp:term":[{"taxonomy":"product_brand","embeddable":true,"href":"https:\/\/piebellashop.nl\/nl\/wp-json\/wp\/v2\/product_brand?post=12745"},{"taxonomy":"product_cat","embeddable":true,"href":"https:\/\/piebellashop.nl\/nl\/wp-json\/wp\/v2\/product_cat?post=12745"},{"taxonomy":"product_tag","embeddable":true,"href":"https:\/\/piebellashop.nl\/nl\/wp-json\/wp\/v2\/product_tag?post=12745"}],"curies":[{"name":"wp","href":"https:\/\/api.w.org\/{rel}","templated":true}]}}