{"id":11949,"date":"2025-09-15T22:26:20","date_gmt":"2025-09-15T20:26:20","guid":{"rendered":"https:\/\/piebellashop.nl\/produkt\/nano-tweezers-goud-voor-volume-swan-3-pimp-my-lashes\/"},"modified":"2026-05-02T17:25:01","modified_gmt":"2026-05-02T15:25:01","slug":"nano-tweezers-goud-voor-volume-swan-3-pimp-my-lashes","status":"publish","type":"product","link":"https:\/\/piebellashop.nl\/nl\/product\/nano-tweezers-goud-voor-volume-swan-3-pimp-my-lashes\/","title":{"rendered":"Nano Tweezers Goud voor Volume Swan #3 Pimp My Lashes"},"content":{"rendered":"<h2><strong>Volume Swan Pimp My Lashes Golden Nano Tweezers \u2013 Precisie en elegantie in uw handen<\/strong><\/h2>\n<p>De Pimp My Lashes Volume Swan Gold Tweezers zijn een onmisbaar hulpmiddel dat met minimale inspanning perfecte resultaten garandeert voor elke wimperstylist. Ze zijn gemaakt van hoogwaardig chirurgisch staal en combineren duurzaamheid met een elegante look. De verlengde punt zorgt voor een precieze grip op wimpers, zelfs wimpers van slechts 0,05 mm. Met deze pincet worden je wimperextensions gemakkelijk, snel en buitengewoon effectief!<\/p>\n<p><strong>Waarom u Volume Swan Tweezers geweldig zult vinden?<\/strong><\/p>\n<ul>\n<li>Chirurgisch staal \u2013 Stevig, duurzaam en gemakkelijk schoon te houden, ideaal voor dagelijks gebruik in een professionele salon.<\/li>\n<li>Verlengde punt \u2013 Garandeert perfecte grip op zelfs de meest delicate wimpers, waardoor u nauwkeurig volumineuze stijlen kunt cre\u00ebren.<\/li>\n<li>Perfect contact \u2013 Dankzij de nauwkeurig ontworpen nanopunt garandeert het pincet een veilige grip, waardoor het aanbrengen van wimpers snel en veilig verloopt.<\/li>\n<li>Veelzijdig gebruik \u2013 Perfect voor diverse stylingtechnieken: krabben, opzij zetten en vingeren. Geschikt voor wimpers van alle krullen.<\/li>\n<li>Bezpieczna dla rz\u0119s \u2013 Dzi\u0119ki idealnej ko\u0144c\u00f3wce p\u0119seta nie uszkadza ani nie zgina rz\u0119s, co zapewnia d\u0142ugotrwa\u0142y i naturalny efekt.<\/li>\n<\/ul>\n<p><strong>Idealna dla profesjonalist\u00f3w i pasjonat\u00f3w stylizacji!<\/strong><br \/>\nOngeacht je ervaringsniveau, de Golden Volume Swan Tweezers helpen je perfectie te bereiken in elke stijl. Gebruik ze in je salon en je wimpers krijgen volume waar elke klant van onder de indruk zal zijn! <img loading=\"lazy\" decoding=\"async\" class=\"alignnone size-medium wp-image-9674\" src=\"https:\/\/piebellashop.nl\/wp-content\/uploads\/2025\/09\/Peseta-zlota-do-objetosci-Volume-Swan-Pimp-My-Lashes-2-768x768-1-300x300.webp\" alt=\"\" width=\"300\" height=\"300\" srcset=\"https:\/\/piebellashop.nl\/wp-content\/uploads\/2025\/09\/Peseta-zlota-do-objetosci-Volume-Swan-Pimp-My-Lashes-2-768x768-1-300x300.webp 300w, https:\/\/piebellashop.nl\/wp-content\/uploads\/2025\/09\/Peseta-zlota-do-objetosci-Volume-Swan-Pimp-My-Lashes-2-768x768-1-150x150.webp 150w, https:\/\/piebellashop.nl\/wp-content\/uploads\/2025\/09\/Peseta-zlota-do-objetosci-Volume-Swan-Pimp-My-Lashes-2-768x768-1-100x100.webp 100w, https:\/\/piebellashop.nl\/wp-content\/uploads\/2025\/09\/Peseta-zlota-do-objetosci-Volume-Swan-Pimp-My-Lashes-2-768x768-1-40x40.webp 40w, https:\/\/piebellashop.nl\/wp-content\/uploads\/2025\/09\/Peseta-zlota-do-objetosci-Volume-Swan-Pimp-My-Lashes-2-768x768-1-500x500.webp 500w, https:\/\/piebellashop.nl\/wp-content\/uploads\/2025\/09\/Peseta-zlota-do-objetosci-Volume-Swan-Pimp-My-Lashes-2-768x768-1-600x600.webp 600w, https:\/\/piebellashop.nl\/wp-content\/uploads\/2025\/09\/Peseta-zlota-do-objetosci-Volume-Swan-Pimp-My-Lashes-2-768x768-1.webp 768w\" sizes=\"auto, (max-width: 300px) 100vw, 300px\" \/><\/p>\n","protected":false},"excerpt":{"rendered":"<p>Volume Swan Pimp My Lashes Golden Nano Tweezers \u2013 Precisie en elegantie in uw handen De Pimp My Lashes Volume Swan Gold Tweezers zijn een onmisbaar hulpmiddel dat met minimale inspanning perfecte resultaten garandeert voor elke wimperstylist. Ze zijn gemaakt van hoogwaardig chirurgisch staal en combineren duurzaamheid met een elegante look. De verlengde punt zorgt [&hellip;]<\/p>\n","protected":false},"featured_media":9675,"comment_status":"open","ping_status":"closed","template":"","meta":[],"product_brand":[745],"product_cat":[382,326],"product_tag":[],"class_list":{"0":"post-11949","1":"product","2":"type-product","3":"status-publish","4":"has-post-thumbnail","6":"product_brand-pimp-my-lashes","7":"product_cat-pincet","8":"product_cat-wimperextensions","10":"first","11":"instock","12":"taxable","13":"shipping-taxable","14":"purchasable","15":"product-type-simple","16":"add-to-wishlist-after_add_to_cart"},"_links":{"self":[{"href":"https:\/\/piebellashop.nl\/nl\/wp-json\/wp\/v2\/product\/11949","targetHints":{"allow":["GET"]}}],"collection":[{"href":"https:\/\/piebellashop.nl\/nl\/wp-json\/wp\/v2\/product"}],"about":[{"href":"https:\/\/piebellashop.nl\/nl\/wp-json\/wp\/v2\/types\/product"}],"replies":[{"embeddable":true,"href":"https:\/\/piebellashop.nl\/nl\/wp-json\/wp\/v2\/comments?post=11949"}],"wp:featuredmedia":[{"embeddable":true,"href":"https:\/\/piebellashop.nl\/nl\/wp-json\/wp\/v2\/media\/9675"}],"wp:attachment":[{"href":"https:\/\/piebellashop.nl\/nl\/wp-json\/wp\/v2\/media?parent=11949"}],"wp:term":[{"taxonomy":"product_brand","embeddable":true,"href":"https:\/\/piebellashop.nl\/nl\/wp-json\/wp\/v2\/product_brand?post=11949"},{"taxonomy":"product_cat","embeddable":true,"href":"https:\/\/piebellashop.nl\/nl\/wp-json\/wp\/v2\/product_cat?post=11949"},{"taxonomy":"product_tag","embeddable":true,"href":"https:\/\/piebellashop.nl\/nl\/wp-json\/wp\/v2\/product_tag?post=11949"}],"curies":[{"name":"wp","href":"https:\/\/api.w.org\/{rel}","templated":true}]}}